{"id":1755,"date":"2017-11-07T13:15:57","date_gmt":"2017-11-07T11:15:57","guid":{"rendered":"https:\/\/sijenasi.wordpress.com\/?page_id=1755"},"modified":"2025-10-04T11:35:03","modified_gmt":"2025-10-04T10:35:03","slug":"marcha","status":"publish","type":"page","link":"https:\/\/sijenasi.com\/index.php\/acciones-a-realizar\/marcha\/","title":{"rendered":"IV Romer\u00eda Sijena Viva"},"content":{"rendered":"\n<figure class=\"wp-block-image size-full\"><img loading=\"lazy\" decoding=\"async\" width=\"1024\" height=\"669\" src=\"https:\/\/sijenasi.com\/wp-content\/uploads\/2024\/10\/2022_10_08-Sijena-Viva-portada.jpg\" alt=\"\" class=\"wp-image-5294\" srcset=\"https:\/\/sijenasi.com\/wp-content\/uploads\/2024\/10\/2022_10_08-Sijena-Viva-portada.jpg 1024w, https:\/\/sijenasi.com\/wp-content\/uploads\/2024\/10\/2022_10_08-Sijena-Viva-portada-300x196.jpg 300w, https:\/\/sijenasi.com\/wp-content\/uploads\/2024\/10\/2022_10_08-Sijena-Viva-portada-768x502.jpg 768w\" sizes=\"auto, (max-width: 1024px) 100vw, 1024px\" \/><\/figure>\n\n\n\n<p>El monasterio de Sijena est\u00e1 vac\u00edo, sin comunidad mon\u00e1stica, desde julio de 2020, lo que supone una gran preocupaci\u00f3n para todos. Es por ello que nuestra plataforma y otras entidades (Hermanas Sanjuanistas, Orden de Malta, Ayuntamientos de Villanueva de Sijena, Sena, Sari\u00f1ena, Lastanosa y El Tormillo) organizar\u00e1n con la colaboraci\u00f3n de otros colectivos la <strong>IV Jornada \u00abSijena Viva\u00bb<\/strong>. <\/p>\n\n\n\n<p>La jornada tendr\u00e1 lugar el <strong>S\u00c1BADO, 18 DE OCTUBRE DE 2025<\/strong>. Costar\u00e1 de\u00a0<strong>dos partes<\/strong>: una romer\u00eda o peregrinaci\u00f3n popular a pie desde Sari\u00f1ena por la ma\u00f1ana, una cabalgada desde El Tormillo, y varias actividades de car\u00e1cter espiritual y cultural por la tarde, de forma que la ciudadan\u00eda pueda unirse libremente a las diversas propuestas. Pero, si desean participar en la comida fraterna, hay que apuntarse y obtener un t\u00edcket de comida.<\/p>\n\n\n\n<p class=\"has-text-align-center has-large-font-size\"><strong>PROGRAMA<\/strong><\/p>\n\n\n\n<p class=\"has-vivid-cyan-blue-color has-text-color has-link-color has-large-font-size wp-elements-6fafb0510cf17f51577176e2a9808520\"><strong>MA\u00d1ANA<\/strong><\/p>\n\n\n\n<p>7:00&nbsp;&nbsp;&nbsp; <strong>Romer\u00eda a caballo<\/strong> desde la <strong>iglesia-hospital de peregrinos de El Tormillo<\/strong> del Camino de Santiago. (23 km) pasando por Castelflorite. Interesados en participar con caballo, llamar al 652 61 02 89.<\/p>\n\n\n\n<p>8:00 &nbsp;&nbsp; <strong>Romer\u00eda a pie<\/strong> desde la <strong>ermita de Santiago en Sari\u00f1ena<\/strong> hasta el Monasterio de Sijena haciendo el antiguo Camino de Santiago de Sijena. (Distancia: 16,3 km).<\/p>\n\n\n\n<p>11:00 (Desde esta hora, <a href=\"https:\/\/sijena.com\/real-monasterio-de-santa-maria-de-sijena\/\" data-type=\"link\" data-id=\"https:\/\/sijena.com\/real-monasterio-de-santa-maria-de-sijena\/\" target=\"_blank\" rel=\"noreferrer noopener\"><strong>visitas guiadas al Monasterio y la Sala Expositiva<\/strong><\/a> a las 11, 12 y 13 h. que hay que reservar previamente. Se puede tener informaci\u00f3n y adquirir los tickets en <strong><a href=\"http:\/\/sijena.com\" data-type=\"link\" data-id=\"sijena.com\" target=\"_blank\" rel=\"noreferrer noopener\">www.sijena.com<\/a><\/strong>) <\/p>\n\n\n\n<p>12:00 <strong>Bienvenida en Sena a los peregrinos <\/strong>a pie y a caballo ofrecida por el ayuntamiento de Sena<strong>.<\/strong><\/p>\n\n\n\n<p>12:30<strong> Salida desde la iglesia de Sena<\/strong> de quienes vienen de Sari\u00f1ena y El Tormillo con los que se unen andando a la etapa final (\u00faltimos 2 km).<\/p>\n\n\n\n<p>13 &nbsp;&nbsp;&nbsp;&nbsp;&nbsp; <strong>Llegada<\/strong> al Monasterio de los caminantes y jinetes de la romer\u00eda y otros participantes que vendr\u00e1n directamente. Acogida festiva.<\/p>\n\n\n\n<p>13:15 <strong>Misa<\/strong> concelebrada y cantada por la \u00abAires Monegrinos\u00bb, que interpretar\u00e1 la \u00abMisa baturra\u00bb para orar especialmente <strong>por el regreso de la vida mon\u00e1stica a Sijena<\/strong>. <\/p>\n\n\n\n<p>14:00 <strong>Foto de familia <\/strong>de la romer\u00eda a las puertas de la iglesia y <strong>visita guiada <\/strong>a la iglesia.<\/p>\n\n\n\n<p>14:30 <strong>Paella comunitaria<\/strong>. Para ello, hay que comprar previamente un <strong>ticket por 12\u20ac<\/strong> que incluye la paella, pan, bebida, postre y caf\u00e9. M\u00e1s informaci\u00f3n arriba.<\/p>\n\n\n\n<p class=\"has-vivid-red-color has-text-color has-link-color has-large-font-size wp-elements-f1515cd58dd2ba7e33ce29ae1c621f81\"><strong>TARDE<\/strong><\/p>\n\n\n\n<p>16:00 Siguen las <a href=\"https:\/\/sijena.com\/real-monasterio-de-santa-maria-de-sijena\/\" data-type=\"link\" data-id=\"https:\/\/sijena.com\/real-monasterio-de-santa-maria-de-sijena\/\" target=\"_blank\" rel=\"noreferrer noopener\"><strong>visitas guiadas<\/strong><\/a> en la zona expositiva que hay que reservar previamente quien lo desee.<\/p>\n\n\n\n<p>16:30 <strong>Breve concierto de guitarra<\/strong> en la iglesia Santa Mar\u00eda de Sijena con obras desde el Barroco a lo actual por el maestro <strong>Pedro&nbsp;Andr\u00e9s&nbsp;P\u00e9rez<\/strong>, director de la Joven Orquesta de Guitarras de Zaragoza y con amplia experiencia como director en diversos proyectos de Venezuela, con la colaboraci\u00f3n de la Asociaci\u00f3n EsperanzARTE de artistas cristianos.<\/p>\n\n\n\n<p>17:15 <strong>Danzas medievales<\/strong> con el grupo DANZARIA RECREACI\u00d3N en la plaza de Sijena. <\/p>\n\n\n\n<p>18:00 <strong>Chocolatada<\/strong> ofrecida por el Ayuntamiento de Villanueva de Sijena. Confraternizaci\u00f3n.<\/p>\n\n\n\n<p>19:00 <strong>Fin <\/strong>de la Jornada.<\/p>\n\n\n\n<p><strong>NOTAS:<\/strong><\/p>\n\n\n\n<ul class=\"wp-block-list\">\n<li>En el monasterio hay ba\u00f1os y agua. <strong>Se podr\u00e1n comprar bebidas frescas.<\/strong><\/li>\n\n\n\n<li>Se llevar\u00e1 a los conductores que hayan dejado el coche en Sari\u00f1ena o El Tormillo.<\/li>\n\n\n\n<li><strong>M\u00e1s informaci\u00f3n<\/strong> del recorrido y actualizaci\u00f3n de este programa: <strong>www.sijenasi.com<\/strong><\/li>\n\n\n\n<li>En caso de <strong>dificultades meteorol\u00f3gicas<\/strong> se informar\u00e1 en esta p\u00e1gina de los cambios.<\/li>\n\n\n\n<li><em>La organizaci\u00f3n se reserva el derecho a hacer los cambios necesarios a este programa.<\/em><\/li>\n<\/ul>\n\n\n\n<p class=\"has-vivid-red-color has-text-color has-link-color has-medium-font-size wp-elements-6bf4da01c5a2360726f909d3f02cdc42\"><strong>INSCRIPCI\u00d3N a la COMIDA<\/strong><\/p>\n\n\n\n<p>Quienes deseen adem\u00e1s unirse a la comida <strong>es preciso tener el ticket de la comida,<\/strong>&nbsp;por lo que es imprescindible obtenerlo d\u00edas antes.&nbsp;<strong>Las actividades est\u00e1n abiertas a todos.<\/strong><\/p>\n\n\n\n<p><strong><em>Quienes son de la zona<\/em><\/strong> pueden comprar por <strong>12 euros<\/strong> (paella, pan, bebida, postre y caf\u00e9) en <strong>puntos de venta locales<\/strong> cuya lista actualizaremos aqu\u00ed:<\/p>\n\n\n\n<ul class=\"wp-block-list\">\n<li><strong><em>Villanueva de Sijena<\/em>: <\/strong>Ayuntamiento, por las ma\u00f1anas.<\/li>\n\n\n\n<li><em><strong>Sena<\/strong><\/em>: Ayuntamiento de Sena, por las ma\u00f1anas.<\/li>\n\n\n\n<li><em><strong>Sari\u00f1ena<\/strong><\/em>: Hotel Sari\u00f1ena; Restaurante Boira; Pasteler\u00eda Trallero.<\/li>\n<\/ul>\n\n\n\n<p><strong><em>Quienes no son de la zona<\/em> pueden <a href=\"https:\/\/sijenasi.com\/index.php\/inscripcion\/\" data-type=\"link\" data-id=\"https:\/\/sijenasi.com\/index.php\/inscripcion\/\">INSCRIBIRSE AQU\u00cd<\/a> <\/strong>y hacer un ingreso previo por transferencia. Se les dar\u00e1 el ticket en el monasterio.<\/p>\n\n\n\n<p>FECHA L\u00cdMITE PARA OBTENER EL TICKET: <strong>16 DE OCTUBRE O HASTA COMPLETAR AFORO<\/strong> DE 250 PERSONAS M\u00c1XIMO).   <\/p>\n\n\n\n<p><strong>Recorrido<\/strong> de la romer\u00eda a pie:<\/p>\n\n\n\n<figure class=\"wp-block-image\"><img loading=\"lazy\" decoding=\"async\" width=\"1600\" height=\"765\" src=\"https:\/\/sijenasi.com\/wp-content\/uploads\/2022\/09\/ruta-de-la-ermita-de-santiago-de-sarinena-hasta-el-monasterio-de-sijena-2022.jpg?w=1024\" alt=\"\" class=\"wp-image-3640\" srcset=\"https:\/\/sijenasi.com\/wp-content\/uploads\/2022\/09\/ruta-de-la-ermita-de-santiago-de-sarinena-hasta-el-monasterio-de-sijena-2022.jpg 1600w, https:\/\/sijenasi.com\/wp-content\/uploads\/2022\/09\/ruta-de-la-ermita-de-santiago-de-sarinena-hasta-el-monasterio-de-sijena-2022-300x143.jpg 300w, https:\/\/sijenasi.com\/wp-content\/uploads\/2022\/09\/ruta-de-la-ermita-de-santiago-de-sarinena-hasta-el-monasterio-de-sijena-2022-1024x490.jpg 1024w, https:\/\/sijenasi.com\/wp-content\/uploads\/2022\/09\/ruta-de-la-ermita-de-santiago-de-sarinena-hasta-el-monasterio-de-sijena-2022-768x367.jpg 768w, https:\/\/sijenasi.com\/wp-content\/uploads\/2022\/09\/ruta-de-la-ermita-de-santiago-de-sarinena-hasta-el-monasterio-de-sijena-2022-1536x734.jpg 1536w\" sizes=\"auto, (max-width: 1600px) 100vw, 1600px\" \/><\/figure>\n\n\n\n<p>Perfil de elevaci\u00f3n: de 326 a 197 metros (dificultad baja):<\/p>\n\n\n\n<figure class=\"wp-block-image\"><img loading=\"lazy\" decoding=\"async\" width=\"1366\" height=\"261\" src=\"https:\/\/sijenasi.com\/wp-content\/uploads\/2022\/09\/perfil-de-elevacion-ruta-de-la-ermita-de-santiago-de-sarinena-hasta-el-monasterio-de-sijena-2022.jpg?w=1024\" alt=\"\" class=\"wp-image-3643\" srcset=\"https:\/\/sijenasi.com\/wp-content\/uploads\/2022\/09\/perfil-de-elevacion-ruta-de-la-ermita-de-santiago-de-sarinena-hasta-el-monasterio-de-sijena-2022.jpg 1366w, https:\/\/sijenasi.com\/wp-content\/uploads\/2022\/09\/perfil-de-elevacion-ruta-de-la-ermita-de-santiago-de-sarinena-hasta-el-monasterio-de-sijena-2022-300x57.jpg 300w, https:\/\/sijenasi.com\/wp-content\/uploads\/2022\/09\/perfil-de-elevacion-ruta-de-la-ermita-de-santiago-de-sarinena-hasta-el-monasterio-de-sijena-2022-1024x196.jpg 1024w, https:\/\/sijenasi.com\/wp-content\/uploads\/2022\/09\/perfil-de-elevacion-ruta-de-la-ermita-de-santiago-de-sarinena-hasta-el-monasterio-de-sijena-2022-768x147.jpg 768w\" sizes=\"auto, (max-width: 1366px) 100vw, 1366px\" \/><\/figure>\n\n\n\n<p><\/p>\n","protected":false},"excerpt":{"rendered":"<p>El monasterio de Sijena est\u00e1 vac\u00edo, sin comunidad mon\u00e1stica, desde julio de 2020, lo que supone una gran preocupaci\u00f3n para todos. Es por ello que nuestra plataforma y otras entidades (Hermanas Sanjuanistas, Orden de Malta, Ayuntamientos de Villanueva de Sijena, Sena, Sari\u00f1ena, Lastanosa y El Tormillo) organizar\u00e1n con la colaboraci\u00f3n de otros colectivos la IV [&hellip;]<\/p>\n","protected":false},"author":3,"featured_media":2463,"parent":53,"menu_order":0,"comment_status":"closed","ping_status":"closed","template":"","meta":{"ngg_post_thumbnail":0,"footnotes":""},"class_list":["post-1755","page","type-page","status-publish","hentry"],"jetpack_sharing_enabled":true,"_links":{"self":[{"href":"https:\/\/sijenasi.com\/index.php\/wp-json\/wp\/v2\/pages\/1755","targetHints":{"allow":["GET"]}}],"collection":[{"href":"https:\/\/sijenasi.com\/index.php\/wp-json\/wp\/v2\/pages"}],"about":[{"href":"https:\/\/sijenasi.com\/index.php\/wp-json\/wp\/v2\/types\/page"}],"author":[{"embeddable":true,"href":"https:\/\/sijenasi.com\/index.php\/wp-json\/wp\/v2\/users\/3"}],"replies":[{"embeddable":true,"href":"https:\/\/sijenasi.com\/index.php\/wp-json\/wp\/v2\/comments?post=1755"}],"version-history":[{"count":12,"href":"https:\/\/sijenasi.com\/index.php\/wp-json\/wp\/v2\/pages\/1755\/revisions"}],"predecessor-version":[{"id":5524,"href":"https:\/\/sijenasi.com\/index.php\/wp-json\/wp\/v2\/pages\/1755\/revisions\/5524"}],"up":[{"embeddable":true,"href":"https:\/\/sijenasi.com\/index.php\/wp-json\/wp\/v2\/pages\/53"}],"wp:featuredmedia":[{"embeddable":true,"href":"https:\/\/sijenasi.com\/index.php\/wp-json\/wp\/v2\/media\/2463"}],"wp:attachment":[{"href":"https:\/\/sijenasi.com\/index.php\/wp-json\/wp\/v2\/media?parent=1755"}],"curies":[{"name":"wp","href":"https:\/\/api.w.org\/{rel}","templated":true}]}}